

{"id":3550,"date":"2021-09-07T07:15:15","date_gmt":"2021-09-07T05:15:15","guid":{"rendered":"https:\/\/b2spjngt.myraidbox.de\/?page_id=3550"},"modified":"2022-03-31T11:57:02","modified_gmt":"2022-03-31T09:57:02","slug":"sondersituationen","status":"publish","type":"page","link":"https:\/\/glaeser-gehrmann.de\/en\/leistungen\/sondersituationen\/","title":{"rendered":"Sondersituationen"},"content":{"rendered":"\t\t<div data-elementor-type=\"wp-page\" data-elementor-id=\"3550\" class=\"elementor elementor-3550\" data-elementor-post-type=\"page\">\n\t\t\t\t\t\t<section class=\"elementor-section elementor-top-section elementor-element elementor-element-2b3c3d2 elementor-section-full_width elementor-section-height-min-height elementor-section-items-bottom elementor-section-content-bottom elementor-section-height-default\" data-id=\"2b3c3d2\" data-element_type=\"section\" data-e-type=\"section\" data-settings=\"{&quot;background_background&quot;:&quot;classic&quot;,&quot;jet_parallax_layout_list&quot;:[]}\">\n\t\t\t\t\t\t<div class=\"elementor-container elementor-column-gap-default\">\n\t\t\t\t\t<div class=\"elementor-column elementor-col-100 elementor-top-column elementor-element elementor-element-16a8a62\" data-id=\"16a8a62\" data-element_type=\"column\" data-e-type=\"column\">\n\t\t\t<div class=\"elementor-widget-wrap elementor-element-populated\">\n\t\t\t\t\t\t<section class=\"elementor-section elementor-inner-section elementor-element elementor-element-732b4c9 elementor-section-height-min-height elementor-section-content-bottom elementor-section-boxed elementor-section-height-default\" data-id=\"732b4c9\" data-element_type=\"section\" data-e-type=\"section\" data-settings=\"{&quot;jet_parallax_layout_list&quot;:[]}\">\n\t\t\t\t\t\t\t<div class=\"elementor-background-overlay\"><\/div>\n\t\t\t\t\t\t\t<div class=\"elementor-container elementor-column-gap-default\">\n\t\t\t\t\t<div class=\"elementor-column elementor-col-100 elementor-inner-column elementor-element elementor-element-96fcd7e\" data-id=\"96fcd7e\" data-element_type=\"column\" data-e-type=\"column\">\n\t\t\t<div class=\"elementor-widget-wrap elementor-element-populated\">\n\t\t\t\t\t\t<div class=\"elementor-element elementor-element-94e1d8e elementor-widget elementor-widget-heading\" data-id=\"94e1d8e\" data-element_type=\"widget\" data-e-type=\"widget\" data-widget_type=\"heading.default\">\n\t\t\t\t<div class=\"elementor-widget-container\">\n\t\t\t\t\t<h1 class=\"elementor-heading-title elementor-size-default\">Sondersituationen<\/h1>\t\t\t\t<\/div>\n\t\t\t\t<\/div>\n\t\t\t\t\t<\/div>\n\t\t<\/div>\n\t\t\t\t\t<\/div>\n\t\t<\/section>\n\t\t\t\t\t<\/div>\n\t\t<\/div>\n\t\t\t\t\t<\/div>\n\t\t<\/section>\n\t\t\t\t<section class=\"elementor-section elementor-top-section elementor-element elementor-element-9982c37 elementor-section-boxed elementor-section-height-default elementor-section-height-default\" data-id=\"9982c37\" data-element_type=\"section\" data-e-type=\"section\" data-settings=\"{&quot;background_background&quot;:&quot;classic&quot;,&quot;jet_parallax_layout_list&quot;:[]}\">\n\t\t\t\t\t\t<div class=\"elementor-container elementor-column-gap-default\">\n\t\t\t\t\t<div class=\"elementor-column elementor-col-100 elementor-top-column elementor-element elementor-element-4750003\" data-id=\"4750003\" data-element_type=\"column\" data-e-type=\"column\">\n\t\t\t<div class=\"elementor-widget-wrap elementor-element-populated\">\n\t\t\t\t\t\t<div class=\"elementor-element elementor-element-fbfb144 elementor-widget elementor-widget-pp-breadcrumbs\" data-id=\"fbfb144\" data-element_type=\"widget\" data-e-type=\"widget\" data-settings=\"{&quot;breadcrumbs_type&quot;:&quot;powerpack&quot;}\" data-widget_type=\"pp-breadcrumbs.default\">\n\t\t\t\t<div class=\"elementor-widget-container\">\n\t\t\t\t\t<ul class=\"pp-breadcrumbs pp-breadcrumbs-powerpack\">\t\t<li class=\"pp-breadcrumbs-item pp-breadcrumbs-item-home\">\n\t\t\t<a class=\"pp-breadcrumbs-crumb pp-breadcrumbs-crumb-link pp-breadcrumbs-crumb-home\" href=\"https:\/\/glaeser-gehrmann.de\/en\/\" title=\"Home\">\n\t\t\t\t<span class=\"pp-breadcrumbs-text\">\n\t\t\t\t\t\t\t\t\t\tHome\t\t\t\t<\/span>\n\t\t\t<\/a>\n\t\t<\/li>\n\t\t<li class=\"pp-breadcrumbs-separator\"><span class=\"pp-breadcrumbs-separator-text\">&gt;<\/span><\/li><\/ul>\t\t\t\t<\/div>\n\t\t\t\t<\/div>\n\t\t\t\t\t<\/div>\n\t\t<\/div>\n\t\t\t\t\t<\/div>\n\t\t<\/section>\n\t\t\t\t<section class=\"elementor-section elementor-top-section elementor-element elementor-element-6f285fb elementor-section-boxed elementor-section-height-default elementor-section-height-default\" data-id=\"6f285fb\" data-element_type=\"section\" data-e-type=\"section\" data-settings=\"{&quot;jet_parallax_layout_list&quot;:[]}\">\n\t\t\t\t\t\t<div class=\"elementor-container elementor-column-gap-default\">\n\t\t\t\t\t<div class=\"elementor-column elementor-col-100 elementor-top-column elementor-element elementor-element-e143706\" data-id=\"e143706\" data-element_type=\"column\" data-e-type=\"column\">\n\t\t\t<div class=\"elementor-widget-wrap elementor-element-populated\">\n\t\t\t\t\t\t<div class=\"elementor-element elementor-element-a70487d elementor-widget elementor-widget-heading\" data-id=\"a70487d\" data-element_type=\"widget\" data-e-type=\"widget\" data-widget_type=\"heading.default\">\n\t\t\t\t<div class=\"elementor-widget-container\">\n\t\t\t\t\t<h2 class=\"elementor-heading-title elementor-size-default\">Zielgerichtete Unterst\u00fctzung der Finance Abteilung<\/h2>\t\t\t\t<\/div>\n\t\t\t\t<\/div>\n\t\t\t\t<div class=\"elementor-element elementor-element-66e3a7d elementor-widget elementor-widget-text-editor\" data-id=\"66e3a7d\" data-element_type=\"widget\" data-e-type=\"widget\" data-widget_type=\"text-editor.default\">\n\t\t\t\t<div class=\"elementor-widget-container\">\n\t\t\t\t\t\t\t\t\t<p>Egal ob bei personellen, fachlichen oder organisatorischen Sondersituationen in Ihrer Finanzabteilung, wir nehmen uns der Herausforderung an und unterst\u00fctzen Sie bei Sondersituationen, wie beispielsweise dem Interim Management, der Erstellung von Carve-Out Bilanzen, der Post-Merger Integration oder im Rahmen unseres \u201eSOS Accountings\u201c.<\/p>\t\t\t\t\t\t\t\t<\/div>\n\t\t\t\t<\/div>\n\t\t\t\t\t<\/div>\n\t\t<\/div>\n\t\t\t\t\t<\/div>\n\t\t<\/section>\n\t\t\t\t<section class=\"elementor-section elementor-top-section elementor-element elementor-element-7b2abbc elementor-section-boxed elementor-section-height-default elementor-section-height-default\" data-id=\"7b2abbc\" data-element_type=\"section\" data-e-type=\"section\" data-settings=\"{&quot;jet_parallax_layout_list&quot;:[]}\">\n\t\t\t\t\t\t<div class=\"elementor-container elementor-column-gap-default\">\n\t\t\t\t\t<div class=\"elementor-column elementor-col-100 elementor-top-column elementor-element elementor-element-667f6e6\" data-id=\"667f6e6\" data-element_type=\"column\" data-e-type=\"column\">\n\t\t\t<div class=\"elementor-widget-wrap elementor-element-populated\">\n\t\t\t\t\t\t<div class=\"elementor-element elementor-element-7b17b8c elementor-widget__width-auto elementor-widget-mobile__width-inherit elementor-widget elementor-widget-heading\" data-id=\"7b17b8c\" data-element_type=\"widget\" data-e-type=\"widget\" data-widget_type=\"heading.default\">\n\t\t\t\t<div class=\"elementor-widget-container\">\n\t\t\t\t\t<h2 class=\"elementor-heading-title elementor-size-default\">Sondersituationen<\/h2>\t\t\t\t<\/div>\n\t\t\t\t<\/div>\n\t\t\t\t<div class=\"elementor-element elementor-element-9ad48d0 pp-accordion-heading elementor-widget elementor-widget-pp-advanced-tabs\" data-id=\"9ad48d0\" data-element_type=\"widget\" data-e-type=\"widget\" data-widget_type=\"pp-advanced-tabs.default\">\n\t\t\t\t<div class=\"elementor-widget-container\">\n\t\t\t\t\t\t\t<div class=\"pp-advanced-tabs pp-style-0 pp-tabs-responsive-mobile pp-advabced-tabs-responsive\">\n\t\t\t<div class=\"pp-advanced-tabs-wrapper pp-tabs-labels at-vertical  at-hover\" role=\"tablist\">\n\t\t\t\t\t\t\t\t\t\t\t<div id=\"pp-advanced-tabs-title-1621\" class=\"pp-advanced-tabs-title pp-tabs-label pp-advanced-tabs-desktop-title pp-tab-active\" data-tab=\"1\" data-index=\"1621\" tabindex=\"0\" role=\"tab\" aria-controls=\"pp-advanced-tabs-content-1621\">\n\n\t\t\t\t\t\t\t\t\t\t\t<span class=\"pp-icon pp-advanced-tabs-icon-left\">\n\t\t\t\t<i aria-hidden=\"true\" class=\"fas fa-check\"><\/i>\t\t\t<\/span>\n\t\t\t\n\t\t\t\t\t\t\t\t<span class=\"pp-advanced-tabs-title-text\">Interim Management<\/span>\n\t\t\t\t\t\t\t\t\t\t\t\t\t\t\t<\/div>\n\t\t\t\t\t\t\t\t\t\t\t\t\t<div id=\"pp-advanced-tabs-title-1622\" class=\"pp-advanced-tabs-title pp-tabs-label pp-advanced-tabs-desktop-title \" data-tab=\"2\" data-index=\"1622\" tabindex=\"0\" role=\"tab\" aria-controls=\"pp-advanced-tabs-content-1622\">\n\n\t\t\t\t\t\t\t\t\t\t\t<span class=\"pp-icon pp-advanced-tabs-icon-left\">\n\t\t\t\t<i aria-hidden=\"true\" class=\"fas fa-check\"><\/i>\t\t\t<\/span>\n\t\t\t\n\t\t\t\t\t\t\t\t<span class=\"pp-advanced-tabs-title-text\">Carve-Out Bilanzen<\/span>\n\t\t\t\t\t\t\t\t\t\t\t\t\t\t\t<\/div>\n\t\t\t\t\t\t\t\t\t\t\t\t\t<div id=\"pp-advanced-tabs-title-1623\" class=\"pp-advanced-tabs-title pp-tabs-label pp-advanced-tabs-desktop-title \" data-tab=\"3\" data-index=\"1623\" tabindex=\"0\" role=\"tab\" aria-controls=\"pp-advanced-tabs-content-1623\">\n\n\t\t\t\t\t\t\t\t\t\t\t<span class=\"pp-icon pp-advanced-tabs-icon-left\">\n\t\t\t\t<i aria-hidden=\"true\" class=\"fas fa-check\"><\/i>\t\t\t<\/span>\n\t\t\t\n\t\t\t\t\t\t\t\t<span class=\"pp-advanced-tabs-title-text\">Post-Merger Integration <\/span>\n\t\t\t\t\t\t\t\t\t\t\t\t\t\t\t<\/div>\n\t\t\t\t\t\t\t\t\t\t\t\t\t<div id=\"pp-advanced-tabs-title-1624\" class=\"pp-advanced-tabs-title pp-tabs-label pp-advanced-tabs-desktop-title \" data-tab=\"4\" data-index=\"1624\" tabindex=\"0\" role=\"tab\" aria-controls=\"pp-advanced-tabs-content-1624\">\n\n\t\t\t\t\t\t\t\t\t\t\t<span class=\"pp-icon pp-advanced-tabs-icon-left\">\n\t\t\t\t<i aria-hidden=\"true\" class=\"fas fa-check\"><\/i>\t\t\t<\/span>\n\t\t\t\n\t\t\t\t\t\t\t\t<span class=\"pp-advanced-tabs-title-text\">\u201eSOS Accounting\u201c<\/span>\n\t\t\t\t\t\t\t\t\t\t\t\t\t\t\t<\/div>\n\t\t\t\t\t\t\t\t\t<\/div>\n\t\t\t<div class=\"pp-advanced-tabs-content-wrapper pp-tabs-panels at-vertical-content\">\n\t\t\t\t\t\t\t\t\t<div class=\"pp-tabs-panel\">\n\t\t\t\t\t\t<div class=\"pp-advanced-tabs-title pp-tabs-label pp-tab-responsive pp-tab-active  at-hover\" data-index=\"1621\">\n\t\t\t\t\t\t\t<div class=\"pp-advanced-tabs-title-inner\">\n\t\t\t\t\t\t\t\t\t\t\t<span class=\"pp-icon pp-advanced-tabs-icon-left\">\n\t\t\t\t<i aria-hidden=\"true\" class=\"fas fa-check\"><\/i>\t\t\t<\/span>\n\t\t\t\n\t\t\t\t\t\t\t\t<span class=\"pp-advanced-tabs-title-text\">Interim Management<\/span>\n\t\t\t\t\t\t\t\t<i class=\"pp-toggle-icon pp-tab-open fa\"><\/i>\n\t\t\t\t\t\t\t<\/div>\n\t\t\t\t\t\t<\/div>\n\t\t\t\t\t\t<div id=\"pp-advanced-tabs-content-1621\" class=\"pp-advanced-tabs-content elementor-clearfix pp-advanced-tabs-tab_content pp-tab-active\" data-tab=\"1\" data-index=\"1621\" role=\"tabpanel\" aria-labelledby=\"pp-advanced-tabs-title-1621\">\n\t\t\t\t\t\t\t<h3>Interim Management<\/h3>\n<p>Im Rahmen unseres Interim Managements kombinieren wir Konzernerfahrung mit jahrelanger T\u00e4tigkeit als Berater. Dadurch werden wir Teil Ihrer Finanzabteilung und k\u00fcmmern uns somit um herausfordernde Situationen aus dem Bereich Accounting. Neben der Koordination der internen Abl\u00e4ufe sind wir Bindeglied zwischen Ihrer Inhouse-Abteilung und externen Beratern und garantieren damit eine reibungslose Zusammenarbeit. <\/p>\n<h4>Leistungen auf einen Blick<\/h4>\n<ul>\n \t<li>XY<\/li>\n \t<li>XY<\/li>\n \t<li>XY<\/li>\n \t<li>XY<\/li>\n<\/ul>\t\t\t\t\t\t<\/div>\n\t\t\t\t\t<\/div>\n\t\t\t\t\t\t\t\t\t<div class=\"pp-tabs-panel\">\n\t\t\t\t\t\t<div class=\"pp-advanced-tabs-title pp-tabs-label pp-tab-responsive   at-hover\" data-index=\"1622\">\n\t\t\t\t\t\t\t<div class=\"pp-advanced-tabs-title-inner\">\n\t\t\t\t\t\t\t\t\t\t\t<span class=\"pp-icon pp-advanced-tabs-icon-left\">\n\t\t\t\t<i aria-hidden=\"true\" class=\"fas fa-check\"><\/i>\t\t\t<\/span>\n\t\t\t\n\t\t\t\t\t\t\t\t<span class=\"pp-advanced-tabs-title-text\">Carve-Out Bilanzen<\/span>\n\t\t\t\t\t\t\t\t<i class=\"pp-toggle-icon pp-tab-open fa\"><\/i>\n\t\t\t\t\t\t\t<\/div>\n\t\t\t\t\t\t<\/div>\n\t\t\t\t\t\t<div id=\"pp-advanced-tabs-content-1622\" class=\"pp-advanced-tabs-content elementor-clearfix pp-advanced-tabs-tab_content \" data-tab=\"2\" data-index=\"1622\" role=\"tabpanel\" aria-labelledby=\"pp-advanced-tabs-title-1622\">\n\t\t\t\t\t\t\t<h3>Carve-Out Bilanzen<\/h3>\n<p>Carve-Out Transaktionen bei denen Unternehmensteile aus einem Konzern ausgel\u00f6st werden gewinnen als vorbereitende Ma\u00dfnahmen im M&#038;A-Kontext zunehmend an Bedeutung und stellen Unternehmen vor gro\u00dfe Herausforderungen. Auf Basis unserer Expertise k\u00fcmmern wir uns um die Erstellung Ihrer Carve-Out Bilanz und erf\u00fcllen somit die bilanziellen Anforderungen der Transaktion. Durch unsere interne steuerliche Expertise \u00fcbernehmen wir zus\u00e4tzlich gerne die steuerliche W\u00fcrdigung Ihrer Carve-out Transaktion.<\/p>\n<h4>Leistungen auf einen Blick<\/h4>\n<ul>\n \t<li>XY<\/li>\n \t<li>XY<\/li>\n \t<li>XY<\/li>\n \t<li>XY<\/li>\n<\/ul>\t\t\t\t\t\t<\/div>\n\t\t\t\t\t<\/div>\n\t\t\t\t\t\t\t\t\t<div class=\"pp-tabs-panel\">\n\t\t\t\t\t\t<div class=\"pp-advanced-tabs-title pp-tabs-label pp-tab-responsive   at-hover\" data-index=\"1623\">\n\t\t\t\t\t\t\t<div class=\"pp-advanced-tabs-title-inner\">\n\t\t\t\t\t\t\t\t\t\t\t<span class=\"pp-icon pp-advanced-tabs-icon-left\">\n\t\t\t\t<i aria-hidden=\"true\" class=\"fas fa-check\"><\/i>\t\t\t<\/span>\n\t\t\t\n\t\t\t\t\t\t\t\t<span class=\"pp-advanced-tabs-title-text\">Post-Merger Integration <\/span>\n\t\t\t\t\t\t\t\t<i class=\"pp-toggle-icon pp-tab-open fa\"><\/i>\n\t\t\t\t\t\t\t<\/div>\n\t\t\t\t\t\t<\/div>\n\t\t\t\t\t\t<div id=\"pp-advanced-tabs-content-1623\" class=\"pp-advanced-tabs-content elementor-clearfix pp-advanced-tabs-tab_content \" data-tab=\"3\" data-index=\"1623\" role=\"tabpanel\" aria-labelledby=\"pp-advanced-tabs-title-1623\">\n\t\t\t\t\t\t\t<h3>Post-Merger Integration <\/h3>\n<p>Die Post-Merger Integration stellt einen Kernprozess im Rahmen einer M&#038;A-Transaktion dar und wirkt sich auf K\u00e4uferseite signifikant auf den erworbenen Verm\u00f6genswert aus. Bei Gl\u00e4ser &#038; Gehrmann kombinieren wir unsere Expertise aus zahlreichen M&#038;A-Transaktionen und sorgen daf\u00fcr, dass bilanzielle und steuerliche Risiken im Rahmen dieses Prozesses von Anfang an ber\u00fccksichtigt und die erworbenen Verm\u00f6gensgegenst\u00e4nde rechtssicher in Ihrem bestehenden Unternehmen bilanziell abgebildet werden. <\/p>\n<h4>Leistungen auf einen Blick<\/h4>\n<ul>\n \t<li>XY<\/li>\n \t<li>XY<\/li>\n \t<li>XY<\/li>\n \t<li>XY<\/li>\n<\/ul>\t\t\t\t\t\t<\/div>\n\t\t\t\t\t<\/div>\n\t\t\t\t\t\t\t\t\t<div class=\"pp-tabs-panel\">\n\t\t\t\t\t\t<div class=\"pp-advanced-tabs-title pp-tabs-label pp-tab-responsive   at-hover\" data-index=\"1624\">\n\t\t\t\t\t\t\t<div class=\"pp-advanced-tabs-title-inner\">\n\t\t\t\t\t\t\t\t\t\t\t<span class=\"pp-icon pp-advanced-tabs-icon-left\">\n\t\t\t\t<i aria-hidden=\"true\" class=\"fas fa-check\"><\/i>\t\t\t<\/span>\n\t\t\t\n\t\t\t\t\t\t\t\t<span class=\"pp-advanced-tabs-title-text\">\u201eSOS Accounting\u201c<\/span>\n\t\t\t\t\t\t\t\t<i class=\"pp-toggle-icon pp-tab-open fa\"><\/i>\n\t\t\t\t\t\t\t<\/div>\n\t\t\t\t\t\t<\/div>\n\t\t\t\t\t\t<div id=\"pp-advanced-tabs-content-1624\" class=\"pp-advanced-tabs-content elementor-clearfix pp-advanced-tabs-tab_content \" data-tab=\"4\" data-index=\"1624\" role=\"tabpanel\" aria-labelledby=\"pp-advanced-tabs-title-1624\">\n\t\t\t\t\t\t\t<h3>\u201eSOS Accounting\u201c<\/h3>\n<p>Bei ungeplanten Ausnahmesituationen, die zu akuten Ressourcenengp\u00e4ssen in Ihrer internen Finanzabteilung f\u00fchren, stehen wir Ihnen mit unserem \u201eSOS Accounting\u201c zur Seite. Somit k\u00f6nnen Sie fachliche als auch personelle Engp\u00e4sse effizient und kurzfristig l\u00f6sen und verhindern, dass diese schwerwiegenden Folgen f\u00fcr Ihr Unternehmen haben. Bei Bedarf kombinieren wir unser \u201eSOS Accounting\u201c mit unserem \u201eSOS Tax\u201c und schaffen somit selbst in Ausnahmesituationen Synergieeffekte innerhalb Ihres Unternehmens. <\/p>\n<h4>Leistungen auf einen Blick<\/h4>\n<ul>\n \t<li>XY<\/li>\n \t<li>XY<\/li>\n \t<li>XY<\/li>\n \t<li>XY<\/li>\n<\/ul>\t\t\t\t\t\t<\/div>\n\t\t\t\t\t<\/div>\n\t\t\t\t\t\t\t<\/div>\n\t\t<\/div>\n\t\t\t\t\t\t<\/div>\n\t\t\t\t<\/div>\n\t\t\t\t\t<\/div>\n\t\t<\/div>\n\t\t\t\t\t<\/div>\n\t\t<\/section>\n\t\t\t\t<section class=\"elementor-section elementor-top-section elementor-element elementor-element-1c6b8790 elementor-section-boxed elementor-section-height-default elementor-section-height-default\" data-id=\"1c6b8790\" data-element_type=\"section\" data-e-type=\"section\" data-settings=\"{&quot;background_background&quot;:&quot;gradient&quot;,&quot;jet_parallax_layout_list&quot;:[]}\">\n\t\t\t\t\t\t<div class=\"elementor-container elementor-column-gap-default\">\n\t\t\t\t\t<div class=\"elementor-column elementor-col-100 elementor-top-column elementor-element elementor-element-4b1ead77\" data-id=\"4b1ead77\" data-element_type=\"column\" data-e-type=\"column\">\n\t\t\t<div class=\"elementor-widget-wrap elementor-element-populated\">\n\t\t\t\t\t\t<section class=\"elementor-section elementor-inner-section elementor-element elementor-element-4bc3b17d elementor-section-content-middle elementor-section-boxed elementor-section-height-default elementor-section-height-default\" data-id=\"4bc3b17d\" data-element_type=\"section\" data-e-type=\"section\" data-settings=\"{&quot;jet_parallax_layout_list&quot;:[]}\">\n\t\t\t\t\t\t<div class=\"elementor-container elementor-column-gap-default\">\n\t\t\t\t\t<div class=\"elementor-column elementor-col-50 elementor-inner-column elementor-element elementor-element-4a86dff6\" data-id=\"4a86dff6\" data-element_type=\"column\" data-e-type=\"column\">\n\t\t\t<div class=\"elementor-widget-wrap elementor-element-populated\">\n\t\t\t\t\t\t<div class=\"elementor-element elementor-element-7826b0f9 elementor-widget elementor-widget-heading\" data-id=\"7826b0f9\" data-element_type=\"widget\" data-e-type=\"widget\" data-widget_type=\"heading.default\">\n\t\t\t\t<div class=\"elementor-widget-container\">\n\t\t\t\t\t<h3 class=\"elementor-heading-title elementor-size-default\">Wir meistern Ihre Sondersituationen im Bereich Finance. <\/h3>\t\t\t\t<\/div>\n\t\t\t\t<\/div>\n\t\t\t\t<div class=\"elementor-element elementor-element-14dfedec elementor-widget elementor-widget-text-editor\" data-id=\"14dfedec\" data-element_type=\"widget\" data-e-type=\"widget\" data-widget_type=\"text-editor.default\">\n\t\t\t\t<div class=\"elementor-widget-container\">\n\t\t\t\t\t\t\t\t\tSie ben\u00f6tigen Unterst\u00fctzung bei der Erstellung von Carve-Out Bilanzen, Post-Merger-Integrationen oder sind bei Ressourcenengp\u00e4ssen auf der Suche nach einem Interim Finance Management oder einem vollst\u00e4ndigen Finance Team? Dann vereinbaren Sie direkt ein Erstgespr\u00e4ch mit uns. \t\t\t\t\t\t\t\t<\/div>\n\t\t\t\t<\/div>\n\t\t\t\t\t<\/div>\n\t\t<\/div>\n\t\t\t\t<div class=\"elementor-column elementor-col-50 elementor-inner-column elementor-element elementor-element-5caae550\" data-id=\"5caae550\" data-element_type=\"column\" data-e-type=\"column\">\n\t\t\t<div class=\"elementor-widget-wrap elementor-element-populated\">\n\t\t\t\t\t\t<div class=\"elementor-element elementor-element-9b77114 elementor-widget__width-auto btn-alt elementor-widget elementor-widget-button\" data-id=\"9b77114\" data-element_type=\"widget\" data-e-type=\"widget\" data-widget_type=\"button.default\">\n\t\t\t\t<div class=\"elementor-widget-container\">\n\t\t\t\t\t\t\t\t\t<div class=\"elementor-button-wrapper\">\n\t\t\t\t\t<a class=\"elementor-button elementor-button-link elementor-size-md\" href=\"mailto:info@wordpress-816957-2959036.cloudwaysapps.com\">\n\t\t\t\t\t\t<span class=\"elementor-button-content-wrapper\">\n\t\t\t\t\t\t\t\t\t<span class=\"elementor-button-text\">Jetzt anfragen<\/span>\n\t\t\t\t\t<\/span>\n\t\t\t\t\t<\/a>\n\t\t\t\t<\/div>\n\t\t\t\t\t\t\t\t<\/div>\n\t\t\t\t<\/div>\n\t\t\t\t\t<\/div>\n\t\t<\/div>\n\t\t\t\t\t<\/div>\n\t\t<\/section>\n\t\t\t\t\t<\/div>\n\t\t<\/div>\n\t\t\t\t\t<\/div>\n\t\t<\/section>\n\t\t\t\t<\/div>\n\t\t","protected":false},"excerpt":{"rendered":"<p>Sondersituationen Home &gt; Zielgerichtete Unterst\u00fctzung der Finance Abteilung Egal ob bei personellen, fachlichen oder organisatorischen Sondersituationen in Ihrer Finanzabteilung, wir nehmen uns der Herausforderung an und unterst\u00fctzen Sie bei Sondersituationen, wie beispielsweise dem Interim Management, der Erstellung von Carve-Out Bilanzen, der Post-Merger Integration oder im Rahmen unseres \u201eSOS Accountings\u201c. Sondersituationen Interim Management Carve-Out Bilanzen Post-Merger [&hellip;]<\/p>\n","protected":false},"author":2,"featured_media":0,"parent":61,"menu_order":0,"comment_status":"closed","ping_status":"closed","template":"","meta":{"_seopress_robots_primary_cat":"","_seopress_titles_title":"","_seopress_titles_desc":"","_seopress_robots_index":"","footnotes":""},"class_list":["post-3550","page","type-page","status-publish","hentry","wpbf-post"],"_links":{"self":[{"href":"https:\/\/glaeser-gehrmann.de\/en\/wp-json\/wp\/v2\/pages\/3550","targetHints":{"allow":["GET"]}}],"collection":[{"href":"https:\/\/glaeser-gehrmann.de\/en\/wp-json\/wp\/v2\/pages"}],"about":[{"href":"https:\/\/glaeser-gehrmann.de\/en\/wp-json\/wp\/v2\/types\/page"}],"author":[{"embeddable":true,"href":"https:\/\/glaeser-gehrmann.de\/en\/wp-json\/wp\/v2\/users\/2"}],"replies":[{"embeddable":true,"href":"https:\/\/glaeser-gehrmann.de\/en\/wp-json\/wp\/v2\/comments?post=3550"}],"version-history":[{"count":0,"href":"https:\/\/glaeser-gehrmann.de\/en\/wp-json\/wp\/v2\/pages\/3550\/revisions"}],"up":[{"embeddable":true,"href":"https:\/\/glaeser-gehrmann.de\/en\/wp-json\/wp\/v2\/pages\/61"}],"wp:attachment":[{"href":"https:\/\/glaeser-gehrmann.de\/en\/wp-json\/wp\/v2\/media?parent=3550"}],"curies":[{"name":"wp","href":"https:\/\/api.w.org\/{rel}","templated":true}]}}