

{"id":20,"date":"2020-09-28T00:55:40","date_gmt":"2020-09-27T22:55:40","guid":{"rendered":"https:\/\/b2spjngt.myraidbox.de\/?page_id=20"},"modified":"2025-03-16T07:10:54","modified_gmt":"2025-03-16T06:10:54","slug":"datenschutz","status":"publish","type":"page","link":"https:\/\/glaeser-gehrmann.de\/en\/datenschutz\/","title":{"rendered":"Datenschutz"},"content":{"rendered":"\t\t<div data-elementor-type=\"wp-page\" data-elementor-id=\"20\" class=\"elementor elementor-20\" data-elementor-post-type=\"page\">\n\t\t\t\t\t\t<section class=\"elementor-section elementor-top-section elementor-element elementor-element-47ae49c elementor-section-boxed elementor-section-height-default elementor-section-height-default\" data-id=\"47ae49c\" data-element_type=\"section\" data-e-type=\"section\" data-settings=\"{&quot;jet_parallax_layout_list&quot;:[]}\">\n\t\t\t\t\t\t<div class=\"elementor-container elementor-column-gap-no\">\n\t\t\t\t\t<div class=\"elementor-column elementor-col-100 elementor-top-column elementor-element elementor-element-ffd11ce\" data-id=\"ffd11ce\" data-element_type=\"column\" data-e-type=\"column\">\n\t\t\t<div class=\"elementor-widget-wrap elementor-element-populated\">\n\t\t\t\t\t\t<div class=\"elementor-element elementor-element-72b077c elementor-widget elementor-widget-heading\" data-id=\"72b077c\" data-element_type=\"widget\" data-e-type=\"widget\" data-widget_type=\"heading.default\">\n\t\t\t\t<div class=\"elementor-widget-container\">\n\t\t\t\t\t<h1 class=\"elementor-heading-title elementor-size-default\">Datenschutzerkl\u00e4rung<\/h1>\t\t\t\t<\/div>\n\t\t\t\t<\/div>\n\t\t\t\t<div class=\"elementor-element elementor-element-479415f elementor-widget elementor-widget-text-editor\" data-id=\"479415f\" data-element_type=\"widget\" data-e-type=\"widget\" data-widget_type=\"text-editor.default\">\n\t\t\t\t<div class=\"elementor-widget-container\">\n\t\t\t\t\t\t\t\t\t<h2>Allgemeine Angaben<\/h2><p>Angaben zur verantwortlichen Stelle<\/p><p>Gl\u00e4ser &amp; Gehrmann GmbH Steuerberatungsgesellschaft<br \/>Caffamacherreihe 8<br \/>20355 Hamburg<\/p><p>Kontaktdaten Datenschutz: <a href=\"mailto:info@glaeser-gehrmann.de\">info@glaeser-gehrmann.de<\/a><\/p><h2>Allgemeine Datenverarbeitungs-Informationen<\/h2><ol><li><strong>Betroffene Daten:<\/strong><br \/>Personenbezogene Daten werden nur erhoben, wenn Sie uns diese von sich aus mitteilen. Dar\u00fcber hinaus werden keine personenbezogenen Daten erhoben. Eine \u00fcber die Reichweite der gesetzlichen Erlaubnistatbest\u00e4nde hinausgehende Verarbeitung Ihrer personenbezogenen Daten erfolgt nur auf Grundlage Ihrer ausdr\u00fccklichen Einwilligung.<\/li><li><strong>Verarbeitungszweck:<\/strong><br \/>Vertragsdurchf\u00fchrung.<\/li><li><strong>Kategorien von Empf\u00e4ngern:<\/strong><br \/>\u00d6ffentliche Stellen bei Vorliegen vorrangiger Rechtsvorschriften. Externe Dienstleister oder sonstige Auftragnehmer.Weitere externe Stellen soweit der Betroffene seine Einwilligung erteilt hat oder eine \u00dcbermittlung aus \u00fcberwiegendem Interesse zul\u00e4ssig ist.<\/li><li><strong>Drittlandtransfers:<\/strong><br \/>Im Rahmen der Vertragsdurchf\u00fchrung k\u00f6nnen auch Auftragsverarbeiter au\u00dferhalb der Europ\u00e4ischen Union zum Einsatz kommen.<\/li><li><strong>Dauer Datenspeicherung:<\/strong><br \/>Die Dauer der Datenspeicherung richtet sich nach den gesetzlichen Aufbewahrungspflichten und betr\u00e4gt in der Regel 10 Jahre.<\/li><\/ol><h2>Spezifische Angaben zur Webseite<\/h2><p><strong>Einsatz eines Newsletters<\/strong><\/p><p>Im Rahmen der Registrierung unseres Newsletters teilen Sie uns Ihre E-Mail-Adresse und optional weitere Daten mit. Diese Angaben verwenden wir ausschlie\u00dflich, um Ihnen den Newsletter zuzusenden. Ihre bei der Newsletter-Anmeldung eingegebenen Daten bleiben bei uns gespeichert, bis Sie sich wieder von unserem Newsletter abmelden. Eine Abmeldung ist jederzeit \u00fcber den daf\u00fcr vorgesehenen Link im Newsletter oder eine entsprechende Mitteilung an uns m\u00f6glich. Mit der Abmeldung widersprechen Sie der Nutzung Ihrer E-Mail-Adresse.<\/p><p><strong>Kontaktformular<\/strong><\/p><p>Besucher k\u00f6nnen \u00fcber ein Online-Kontaktformular auf der Webseite Nachrichten an die Kanzlei \u00fcbermitteln. Um eine Antwort empfangen zu k\u00f6nnen, ist zumindest die Angabe einer g\u00fcltigen E-Mail-Adresse erforderlich. Alle weiteren Angaben kann die anfragende Person freiwillig geben. Mit Absenden der Nachricht \u00fcber das Kontaktformular willigt der Besucher in die Verarbeitung der \u00fcbermittelten personenbezogenen Daten ein. Die Datenverarbeitung erfolgt ausschlie\u00dflich zu dem Zweck der Abwicklung und Beantwortung von Anfragen \u00fcber das Kontaktformular. Dies geschieht auf Basis der freiwillig erteilten Einwilligung gem. Art. 6 Abs. 1 Satz 1 Buchst. a) DSGVO. Die f\u00fcr die Benutzung des Kontaktformulars erhobenen personenbezogenen Daten werden automatisch gel\u00f6scht, sobald die Anfrage erledigt ist und keine Gr\u00fcnde f\u00fcr eine weitere Aufbewahrung gegeben sind (z. B. anschlie\u00dfende Beauftragung unserer Kanzlei).<\/p><p><strong>Einsatz eigener Cookies<\/strong><\/p><p>Diese Webseite verwendet eigene \u201cCookies\u201d, um die Benutzerfreundlichkeit zu erh\u00f6hen (\u201cCookies\u201d sind Datens\u00e4tze, die vom Webserver an den Browser des Nutzers gesandt und dort f\u00fcr einen sp\u00e4teren Abruf gespeichert werden). In unseren eigenen \u201cCookies\u201d werden keinerlei personenbezogene Daten gespeichert. Sie k\u00f6nnen die Verwendung von \u201cCookies\u201d generell verhindern, wenn Sie in Ihrem Browser die Speicherung von \u201cCookies\u201d untersagen.<\/p><h2 id=\"6-informationen-zu-google-diensten\">Informationen zu Google-Diensten<\/h2><p>Wir nutzen auf unserer Webseite verschiedene Dienste der Google Ireland Limited (\u201eGoogle\u201c), Gordon House, Barrow Street, Dublin 4, Irland.<\/p><p>N\u00e4here Informationen zu den einzelnen konkreten Diensten von Google, die wir auf dieser Webseite nutzen, finden Sie in der weiteren Datenschutzerkl\u00e4rung.<\/p><p>Durch die Einbindung der Google Dienste erhebt Google unter Umst\u00e4nden Informationen (auch personenbezogene Daten) und verarbeitet diese. Dabei kann nicht ausgeschlossen werden, dass Google die Informationen auch an einen Server in einem Drittland \u00fcbermittelt.<\/p><p>Die \u00dcbermittlung in die USA ist dabei abh\u00e4ngig davon, in welcher Funktion personenbezogene Daten \u00fcbermittelt werden. Dabei k\u00f6nnen wir als Verantwortliche selbst Daten an Google in die USA \u00fcbermitteln zur weiteren Verwendung.<\/p><p>Zurzeit liegt kein Angemessenheitsbeschluss gem. Art.\u00a0<a title=\"Art. 45 DSGVO: Daten\u00fcbermittlung auf der Grundlage eines Angemessenheitsbeschlusses\" href=\"https:\/\/dejure.org\/gesetze\/DSGVO\/45.html\">45<\/a>\u00a0DSGVO vor.<\/p><p>Die \u00dcbermittlung kann aber auf Standardvertragsklauseln gest\u00fczt werden. Google hat sich dazu verpflichtet die Standardvertragsklauseln f\u00fcr die \u00dcbermittlung personenbezogener Daten in Drittl\u00e4nder nach der Richtlinie 95\/46\/EG (Standard Contractual Clauses \u2013 SCC) einzuhalten.<\/p><p>N\u00e4here Informationen zu den Standardvertragsklauseln erhalten Sie unter\u00a0<a href=\"https:\/\/ec.europa.eu\/info\/law\/law-topic\/data-protection\/international-dimension-data-protection\/standard-contractual-clauses-scc_de\">https:\/\/ec.europa.eu\/info\/law\/law-topic\/data-protection\/international-dimension-data-protection\/standard-contractuals-clauses-scc_de<\/a>\u00a0sowie unter\u00a0<a href=\"https:\/\/policies.google.com\/privacy\/frameworks?hl=de\" target=\"_blank\" rel=\"noreferrer noopener\">https:\/\/policies.google.com\/privacy\/frameworks?hl=de<\/a><\/p><p>Wir selbst k\u00f6nnen nicht beeinflussen, welche Daten Google tats\u00e4chlich erhebt und verarbeitet. Google gibt jedoch an, dass grunds\u00e4tzlich unter anderen folgende Informationen (auch personenbezogene Daten) verarbeitet werden k\u00f6nnen:<\/p><ul><li>Protokolldaten (insbesondere die IP-Adresse)<\/li><li>Standortbezogene Informationen<\/li><li>Eindeutige Applikationsnummern<\/li><li>Cookies und \u00e4hnliche Technologien<\/li><\/ul><p>Informationen zu den von Google verwendeten Cookie Arten finden Sie unter\u00a0<a href=\"https:\/\/policies.google.com\/technologies\/types\" target=\"_blank\" rel=\"noreferrer noopener\">https:\/\/policies.google.com\/technologies\/types\u00a0<\/a>.<\/p><p>Wenn Sie in Ihrem Google-Konto angemeldet sind, kann Google die verarbeiteten Informationen abh\u00e4ngig von Ihren Kontoeinstellungen Ihrem Konto hinzuf\u00fcgen und als personenbezogene Daten behandeln.<\/p><p>Google f\u00fchrt hierzu u.a. Folgendes aus:<\/p><p>\u201eWenn Sie nicht in einem Google-Konto angemeldet sind, speichern wir die von uns erhobenen Daten mit eindeutigen Kennungen, die mit dem Browser, der App oder dem Ger\u00e4t verkn\u00fcpft sind, welche Sie verwenden. Damit k\u00f6nnen wir beispielsweise gew\u00e4hrleisten, dass Ihre Spracheinstellungen be allen Browsersitzungen beibehalten werden.<\/p><p>Wenn Sie in einem Google-Konto angemeldet sind, erheben wir auch Daten, die wir in Ihrem Google-Konto speichern und als personenbezogene Daten erachten.\u201c (<a href=\"https:\/\/privacy.google.com\/take-control.html\">https:\/\/privacy.google.com\/take-control.html<\/a>)<\/p><p>Ein direktes Hinzuf\u00fcgen dieser Daten k\u00f6nnen Sie verhindern, indem Sie sich aus Ihrem Google-Konto ausloggen oder auch die entsprechenden Kontoeinstellungen in Ihrem Google-Konto vornehmen.<\/p><p>Weiterhin k\u00f6nnen Sie Ihre Cookie-Einstellungen \u00e4ndern (z.B. Cookies l\u00f6schen, blockieren u.a.). Weitere Informationen hierzu finden Sie unter \u201e<strong><em>Einsatz eigener Cookies<\/em><\/strong>\u201c.<\/p><p>N\u00e4here Informationen finden Sie in den Datenschutzhinweisen von Google, die Sie hier abrufen k\u00f6nnen:\u00a0<a href=\"https:\/\/www.google.com\/policies\/privacy\/\">https:\/\/www.google.com\/policies\/privacy\/<\/a><\/p><p>Hinweise zu den Privatsph\u00e4reeinstellungen von Google finden Sie unter\u00a0<a href=\"https:\/\/privacy.google.com\/take-control.html\">https:\/\/privacy.google.com\/take-control.html<\/a><\/p><p><strong>Verwendung von Google Maps<\/strong><\/p><p>Diese Webseite verwendet Google Maps API, um geographische Informationen visuell darzustellen. Bei der Nutzung von Google Maps werden von Google auch Daten \u00fcber die Nutzung der Kartenfunktionen durch Besucher erhoben, verarbeitet und genutzt. N\u00e4here Informationen \u00fcber die Datenverarbeitung durch Google k\u00f6nnen Sie den Google-Datenschutzhinweisen entnehmen. Dort k\u00f6nnen Sie im Datenschutzcenter auch Ihre pers\u00f6nlichen Datenschutz-Einstellungen ver\u00e4ndern. Ausf\u00fchrliche Anleitungen zur Verwaltung der eigenen Daten im Zusammenhang mit Google-Produkten finden Sie hier<\/p><p><strong>Analyse-Dienste f\u00fcr Webseiten, Tracking<\/strong><\/p><p>Diese Website benutzt Google Analytics, einen Webanalysedienst der Google Inc. (\u201cGoogle\u201d). Google Analytics verwendet sog. \u201cCookies\u201d, Textdateien, die auf Ihrem Computer gespeichert werden und die eine Analyse der Benutzung der Website durch Sie erm\u00f6glichen. Die durch den Cookie erzeugten Informationen \u00fcber Ihre Benutzung dieser Website werden in der Regel an einen Server von Google in den USA \u00fcbertragen und dort gespeichert. Im Falle der Aktivierung der IP-Anonymisierung auf dieser Webseite, wird Ihre IP-Adresse von Google jedoch innerhalb von Mitgliedstaaten der Europ\u00e4ischen Union oder in anderen Vertragsstaaten des Abkommens \u00fcber den Europ\u00e4ischen Wirtschaftsraum zuvor gek\u00fcrzt. Nur in Ausnahmef\u00e4llen wird die volle IP-Adresse an einen Server von Google in den USA \u00fcbertragen und dort gek\u00fcrzt. Im Auftrag des Betreibers dieser Website wird Google diese Informationen benutzen, um Ihre Nutzung der Website auszuwerten, um Reports \u00fcber die Websiteaktivit\u00e4ten zusammenzustellen und um weitere mit der Websitenutzung und der Internetnutzung verbundene Dienstleistungen gegen\u00fcber dem Websitebetreiber zu erbringen. Die im Rahmen von Google Analytics von Ihrem Browser \u00fcbermittelte IP-Adresse wird nicht mit anderen Daten von Google zusammengef\u00fchrt. Sie k\u00f6nnen die Speicherung der Cookies durch eine entsprechende Einstellung Ihrer Browser-Software verhindern; wir weisen Sie jedoch darauf hin, dass Sie in diesem Fall gegebenenfalls nicht s\u00e4mtliche Funktionen dieser Website vollumf\u00e4nglich werden nutzen k\u00f6nnen. Sie k\u00f6nnen dar\u00fcber hinaus die Erfassung der durch das Cookie erzeugten und auf Ihre Nutzung der Website bezogenen Daten (inkl. Ihrer IP-Adresse) an Google sowie die Verarbeitung dieser Daten durch Google verhindern, indem sie das unter dem folgenden Link verf\u00fcgbare <a href=\"https:\/\/tools.google.com\/dlpage\/gaoptout?hl=de\" target=\"_blank\" rel=\"noopener\">Browser-Plugin<\/a> herunterladen und installieren. Angesichts der Diskussion um den Einsatz von Analysetools mit vollst\u00e4ndigen IP-Adressen m\u00f6chten wir darauf hinweisen, dass diese Website Google Analytics mit der Erweiterung \u201c_anonymizeIp()\u201d verwendet und daher IP-Adressen nur gek\u00fcrzt weiterverarbeitet werden, um eine direkte Personenbeziehbarkeit auszuschlie\u00dfen. Speziell f\u00fcr Browser auf mobilen Ger\u00e4ten klicken Sie bitte diesen Link, um die anonymisierte Erfassung durch Google Analytics auf dieser Webseite f\u00fcr Ihren Browser mittels eines so genannten \u201eOpt-Out-Cookies\u201c zu-k\u00fcnftig zu verhindern.<br \/>Rechtsgrundlage f\u00fcr die Verwendung der Analyse-Tools ist Art. 6 Abs. 1 Satz 1 Buchst. f) DSGVO. Die Webseitenanalyse liegt im berechtigten Interesse unserer Kanzlei und dient der statistischen Erfassung der Seitennutzung zur fortlaufenden Verbesserung unserer Kanzleiwebseite und des Angebots unserer Dienstleistungen.<\/p><p><strong>Verwendung von YouTube<\/strong><\/p><p>Wir nutzen auf unserer Webseite Videos von YouTube und YouTube Plug-Ins. YouTube ist ein Dienst der YouTube LLC (\u201eYouTube\u201c), 901 Cherry Ave., San Bruno, CA 94066, USA und wird von dieser bereitgestellt. Die YouTube LLC ist eine Tochtergesellschaft der Google Ireland Limited (\u201eGoogle\u201c), Gordon House, Barrow Street, Dublin 4, Irland.<\/p><p>Die Einbindung von YouTube erfolgt durch das Einbetten des Service auf unserer Webseite mittels eines sog. \u201eiFrames\u201c. Beim Laden dieses iFrames erheben YouTube bzw. Google unter Umst\u00e4nden Informationen (auch personenbezogene Daten) und verarbeiten diese. Dabei kann nicht ausgeschlossen werden, dass YouTube bzw. Google die Informationen auch an einen Server in einem Drittland \u00fcbermittelt.<\/p><p><strong>Informationen<\/strong> zur vorhandenen Privacy-Shield-Zertifizierung von Google und weiteren relevanten Daten zur Datenverarbeitung durch Google im Rahmen der Nutzung der Google Dienste finden Sie in dieser Datenschutzerkl\u00e4rung unter dem Abschnitt \u201e<strong>Informationen zu Google-Diensten<\/strong>\u201c.<\/p><p>Durch die Einbindung von YouTube verfolgen wir den Zweck, Ihnen verschiedene Videos auf unserer Webseite pr\u00e4sentieren zu k\u00f6nnen, damit Sie diese unmittelbar auf unserer Webseite anschauen k\u00f6nnen.<\/p><p>Rechtsgrundlage f\u00fcr die hier beschriebene Verarbeitung personenbezogener Daten ist Art.\u00a0<a href=\"http:\/\/dejure.org\/gesetze\/DSGVO\/6.html\">6<\/a>\u00a0Abs. 1 lit. f) DSGVO. Unser hierf\u00fcr erforderliches berechtigtes Interesse liegt dabei in dem gro\u00dfen Nutzen, den YouTube bietet. Durch die Einbindung von externen Videos entlasten wir unsere Server und k\u00f6nnen entsprechende Ressourcen anderweitig nutzen. Dies kann u.a. Stabilit\u00e4t unserer Server erh\u00f6hen. YouTube bzw. Google hat dar\u00fcber hinaus ein berechtigtes Interesse an den erhobenen (personenbezogenen) Daten um die eigenen Dienste zu verbessern.<\/p><p><strong>Widerspruchsrecht<\/strong><\/p><p><strong>Ihnen steht ein Widerspruchsrecht zu.\u00a0<\/strong>Ihren Widerspruch k\u00f6nnen Sie uns jederzeit zusenden bzw. mitteilen (z.B. per E-Mail an\u00a0<a href=\"mailto:info@glaeser-gehrmann.de\">info@glaeser-gehrmann.de<\/a>\u00a0).<\/p><p>Die Bereitstellung der personenbezogenen Daten ist weder gesetzlich noch vertraglich vorgeschrieben und auch nicht f\u00fcr einen Vertragsabschluss erforderlich. Sie sind auch nicht verpflichtet, die personenbezogenen Daten bereitzustellen. Die Nichtbereitstellung h\u00e4tte jedoch unter Umst\u00e4nden zur Folge, dass Sie unsere Webseite nicht bzw. nicht vollumf\u00e4nglich nutzen k\u00f6nnen.<\/p><p>N\u00e4here Informationen finden Sie in den Datenschutzhinweisen von YouTube bzw. Google, die Sie hier abrufen k\u00f6nnen:\u00a0<a href=\"http:\/\/www.google.com\/policies\/privacy\/\">www.google.com\/policies\/privacy\/<\/a><\/p><p>Hinweise zu den Privatsph\u00e4reeinstellungen von Google finden Sie unter\u00a0<a href=\"https:\/\/privacy.google.com\/take-control.html?categories_activeEl=sign-in\">https:\/\/privacy.google.com\/take-control.html?categories_activeEl=sign-in<\/a><\/p><h2>Angaben zu weiteren Datenvereinbarungsverfahren<\/h2><p>Spezifische Angaben zum Bewerbungsverfahren<\/p><ol><li><strong>Betroffene Daten:<\/strong><br \/>Bewerbungsangaben.<\/li><li><strong>Verarbeitungszweck<\/strong>:<br \/>Durchf\u00fchrung Bewerbungsverfahren.<\/li><li><strong>Kategorien von Empf\u00e4ngern:<\/strong><br \/>\u00d6ffentliche Stellen bei Vorliegen vorrangiger Rechtsvorschriften.Externe Dienstleister oder sonstige Auftragnehmer, u.a. zur Datenverarbeitung und Hosting.Weitere externe Stellen soweit der Betroffene seine Einwilligung erteilt hat oder eine \u00dcbermittlung aus \u00fcberwiegendem Interesse zul\u00e4ssig ist.<\/li><li><strong>Drittlandtransfers:<\/strong><br \/>Keiner.<\/li><li><strong>Dauer Datenspeicherung:<\/strong><br \/>Bewerbungsdaten werden nach Mitteilung der Entscheidung in der Regel binnen vier Monaten gel\u00f6scht, soweit nicht eine Einwilligung in eine l\u00e4ngere Datenspeicherung im Rahme der Aufnahme in den Bewerberpool vorliegt.<\/li><\/ol><p>Spezifische Angaben zur Verarbeitung von Mandatendaten\/Interessentendaten<\/p><ol><li><strong>Betroffene Daten:<\/strong><br \/>Zur Vertragsdurchf\u00fchrung mitgeteilte Daten; ggfs. dar\u00fcber hinaus gehende Daten zur Verarbeitung auf Basis Ihrer ausdr\u00fccklichen Einwilligung.<\/li><li><strong>Verarbeitungszweck:<\/strong><br \/>Vertragsdurchf\u00fchrung, u.a. Angebote, Auftr\u00e4ge und Rechnungsstellung.<\/li><li><strong>Kategorien von Empf\u00e4ngern:<\/strong><br \/>\u00d6ffentliche Stellen bei Vorliegen vorrangiger RechtsvorschriftenExterne Dienstleister oder sonstige Auftragnehmer, u.a. zur Datenverarbeitung und Hosting, f\u00fcr Versand und Transport Dienstleister zum Druck und Versand von Informationen.Weitere externe Stellen soweit der Betroffene seine Einwilligung erteilt hat oder eine \u00dcbermittlung aus \u00fcberwiegendem Interesse zul\u00e4ssig ist, u.a. zur Bonit\u00e4tsauskunft und zum elektronischen Versand von Informationen.<\/li><li><strong>Drittlandtransfers:<\/strong><br \/>Keiner.<\/li><li><strong>Dauer Datenspeicherung:<\/strong><br \/>Die Dauer der Datenspeicherung richtet sich nach den gesetzlichen Aufbewahrungspflichten und betr\u00e4gt in der Regel 10 Jahre.<\/li><\/ol><p>Spezifische Angaben zur Verarbeitung von Besch\u00e4ftigtendaten<\/p><ol><li><strong>Betroffene Daten:<\/strong><br \/>Zur Vertragsdurchf\u00fchrung mitgeteilte Daten; ggfs. dar\u00fcber hinaus gehende Daten zur Verarbeitung auf Basis Ihrer ausdr\u00fccklichen Einwilligung.<\/li><li><strong>Verarbeitungszweck:<\/strong><br \/>Vertragsdurchf\u00fchrung im Rahmen des Besch\u00e4ftigungsverh\u00e4ltnisses.<\/li><li><strong>Kategorien von Empf\u00e4ngern:<\/strong><br \/>\u00d6ffentliche Stellen bei Vorliegen vorrangiger Rechtsvorschriften, u.a. Finanzamt, Sozialversicherungstr\u00e4ger, Berufsgenossenschaft.Externe Dienstleister oder sonstige Auftragnehmer, u.a. zur Datenverarbeitung und Hosting, zur Entgeltabrechnung, zur Reisekostenabrechnung, zu Versicherungsleistungen.Weitere externe Stellen soweit der Betroffene seine Einwilligung erteilt hat oder eine \u00dcbermittlung aus \u00fcberwiegendem Interesse zul\u00e4ssig ist, u.a.zu Versicherungsleistungen.<\/li><li><strong>Drittlandtransfers:<\/strong><br \/>Keiner.<\/li><li><strong>Dauer Datenspeicherung:<\/strong><br \/>Die Dauer der Datenspeicherung richtet sich nach den gesetzlichen Aufbewahrungspflichten und betr\u00e4gt in der Regel 10 Jahre.<\/li><\/ol><p>Spezifische Angaben zur Verarbeitung von Lieferantendaten<\/p><ol><li><strong>Betroffene Daten:<\/strong><br \/>Zur Vertragsdurchf\u00fchrung mitgeteilte Daten; ggfs. dar\u00fcber hinaus gehende Daten zur Verarbeitung auf Basis Ihrer ausdr\u00fccklichen Einwilligung.<\/li><li><strong>Verarbeitungszweck:<\/strong><br \/>Vertragsdurchf\u00fchrung, u.a. Anfragen und Einkauf.<\/li><li><strong>Kategorien von Empf\u00e4ngern:<\/strong><br \/>\u00d6ffentliche Stellen bei Vorliegen vorrangiger Rechtsvorschriften, u.a. Finanzamt, Sozialversicherungstr\u00e4ger, Berufsgenossenschaft.Externe Dienstleister oder sonstige Auftragnehmer, u.a. zur Datenverarbeitung und Hosting, zur Entgeltabrechnung, zur Reisekostenabrechnung, zu Versicherungsleistungen.Weitere externe Stellen soweit der Betroffene seine Einwilligung erteilt hat oder eine \u00dcbermittlung aus \u00fcberwiegendem Interesse zul\u00e4ssig ist, u.a.zu Versicherungsleistungen.<\/li><li><strong>Drittlandtransfers:<\/strong><br \/>Keiner.<\/li><li><strong>Dauer Datenspeicherung:<\/strong><br \/>Die Dauer der Datenspeicherung richtet sich nach den gesetzlichen Aufbewahrungspflichten und betr\u00e4gt in der Regel 10 Jahre.<\/li><\/ol><h2>Weitere Informationen und Kontakte<\/h2><p>Dar\u00fcber hinaus k\u00f6nnen Sie jederzeit ihre Anspr\u00fcche auf Auskunft, Berichtigung oder L\u00f6schung oder auf Einschr\u00e4nkung der Verarbeitung oder der Wahrnehmung Ihres Widerspruchsrechts gegen die Verarbeitung sowie das Recht auf Daten\u00fcbertragbarkeit geltend machen. Hier finden Sie die M\u00f6glichkeit, uns per E-Mail an <a href=\"mailto:info@glaeser-gehrmann.de\">info@glaeser-gehrmann.de<\/a> oder Brief an uns zu kontaktieren. Sie haben ferner das Recht, sich bei Beschwerden an die Datenschutz-Aufsichtsbeh\u00f6rde zu wenden.<\/p>\t\t\t\t\t\t\t\t<\/div>\n\t\t\t\t<\/div>\n\t\t\t\t\t<\/div>\n\t\t<\/div>\n\t\t\t\t\t<\/div>\n\t\t<\/section>\n\t\t\t\t<\/div>\n\t\t","protected":false},"excerpt":{"rendered":"<p>Datenschutzerkl\u00e4rung Allgemeine Angaben Angaben zur verantwortlichen Stelle Gl\u00e4ser &amp; Gehrmann GmbH SteuerberatungsgesellschaftCaffamacherreihe 820355 Hamburg Kontaktdaten Datenschutz: info@glaeser-gehrmann.de Allgemeine Datenverarbeitungs-Informationen Betroffene Daten:Personenbezogene Daten werden nur erhoben, wenn Sie uns diese von sich aus mitteilen. Dar\u00fcber hinaus werden keine personenbezogenen Daten erhoben. Eine \u00fcber die Reichweite der gesetzlichen Erlaubnistatbest\u00e4nde hinausgehende Verarbeitung Ihrer personenbezogenen Daten erfolgt nur auf [&hellip;]<\/p>\n","protected":false},"author":2,"featured_media":0,"parent":0,"menu_order":0,"comment_status":"closed","ping_status":"closed","template":"elementor_header_footer","meta":{"_seopress_robots_primary_cat":"","_seopress_titles_title":"","_seopress_titles_desc":"","_seopress_robots_index":"","footnotes":""},"class_list":["post-20","page","type-page","status-publish","hentry","wpbf-post"],"_links":{"self":[{"href":"https:\/\/glaeser-gehrmann.de\/en\/wp-json\/wp\/v2\/pages\/20","targetHints":{"allow":["GET"]}}],"collection":[{"href":"https:\/\/glaeser-gehrmann.de\/en\/wp-json\/wp\/v2\/pages"}],"about":[{"href":"https:\/\/glaeser-gehrmann.de\/en\/wp-json\/wp\/v2\/types\/page"}],"author":[{"embeddable":true,"href":"https:\/\/glaeser-gehrmann.de\/en\/wp-json\/wp\/v2\/users\/2"}],"replies":[{"embeddable":true,"href":"https:\/\/glaeser-gehrmann.de\/en\/wp-json\/wp\/v2\/comments?post=20"}],"version-history":[{"count":8,"href":"https:\/\/glaeser-gehrmann.de\/en\/wp-json\/wp\/v2\/pages\/20\/revisions"}],"predecessor-version":[{"id":13392,"href":"https:\/\/glaeser-gehrmann.de\/en\/wp-json\/wp\/v2\/pages\/20\/revisions\/13392"}],"wp:attachment":[{"href":"https:\/\/glaeser-gehrmann.de\/en\/wp-json\/wp\/v2\/media?parent=20"}],"curies":[{"name":"wp","href":"https:\/\/api.w.org\/{rel}","templated":true}]}}